{"id":27,"date":"2024-12-19T14:43:48","date_gmt":"2024-12-19T14:43:48","guid":{"rendered":"https:\/\/sss.al\/sport\/?page_id=27"},"modified":"2024-12-23T18:23:08","modified_gmt":"2024-12-23T18:23:08","slug":"produktet","status":"publish","type":"page","link":"https:\/\/sss.al\/sport\/produktet\/","title":{"rendered":"Produktet"},"content":{"rendered":"\t\t<div data-elementor-type=\"wp-page\" data-elementor-id=\"27\" class=\"elementor elementor-27\">\n\t\t\t\t<div class=\"elementor-element elementor-element-d044f90 e-flex e-con-boxed e-con e-parent\" data-id=\"d044f90\" data-element_type=\"container\" data-settings=\"{&quot;background_background&quot;:&quot;classic&quot;}\">\n\t\t\t\t\t<div class=\"e-con-inner\">\n\t\t\t\t<div class=\"elementor-element elementor-element-6d78c55 elementor-widget elementor-widget-heading\" data-id=\"6d78c55\" data-element_type=\"widget\" data-widget_type=\"heading.default\">\n\t\t\t\t<div class=\"elementor-widget-container\">\n\t\t\t\t\t<h4 class=\"elementor-heading-title elementor-size-default\">Produktet<\/h4>\t\t\t\t<\/div>\n\t\t\t\t<\/div>\n\t\t\t\t\t<\/div>\n\t\t\t\t<\/div>\n\t\t<div class=\"elementor-element elementor-element-ee2343c e-flex e-con-boxed e-con e-parent\" data-id=\"ee2343c\" data-element_type=\"container\">\n\t\t\t\t\t<div class=\"e-con-inner\">\n\t\t\t\t<div class=\"elementor-element elementor-element-029c7a6 tpg-wrapper-align-center title_hover_border_enable img_hover_animation_img_zoom_out section-title-style-default title_position_default title-default readmore-btn-default-style grid-hover-overlay-type-always tpg-el-box-border-enable tpg-border-bottom-disable elementor-widget elementor-widget-tpg-grid-layout\" data-id=\"029c7a6\" data-element_type=\"widget\" data-widget_type=\"tpg-grid-layout.default\">\n\t\t\t\t<div class=\"elementor-widget-container\">\n\t\t\t\t\t\t\t<div class=\"rt-container-fluid rt-tpg-container tpg-el-main-wrapper clearfix grid-layout1-main \"\n\t\t\t id=\"rt-tpg-container-175164566\"\n\t\t\t data-layout=\"grid-layout1\"\n\t\t\t data-grid-style=\"tpg-full-height\"\n\t\t\t data-sc-id=\"elementor\"\n\t\t\t data-el-settings=''\n\t\t\t data-el-query=''\n\t\t\t data-el-path=''\n\t\t>\n\t\t\t\t\t\t<div class='tpg-header-wrapper '>\n\t\t\t\t\n        <div class=\"tpg-widget-heading-wrapper rt-clear heading-default \">\n            <span class=\"tpg-widget-heading-line line-left\"><\/span>\n\t\t\t<h2 class='tpg-widget-heading'>\n\t\t\t\n\t\t\t\t                    <span>\n\t\t\t\t\t\t\t\t\t\t\t<\/span>\n\t\t\t\t\t\n\t\t\t\t\t\t\t<\/h2>            <span class=\"tpg-widget-heading-line line-right\"><\/span>\n\n\t\t\t\n        <\/div>\n\n\t\t\n\t\t\t\t\t<\/div>\n\n\t\t\t<div data-title=\"Loading ...\" class=\"rt-row rt-content-loader grid-layout1 grid-behaviour tpg-full-height grid_layout_wrapper\">\n\t\t\t\t<div class='no_posts_found_text rt-col-xs-12'>No posts found.<\/div>\t\t\t<\/div>\n\t\t\t\n\t\t<\/div>\n\t\t\t\t\t\t<\/div>\n\t\t\t\t<\/div>\n\t\t\t\t\t<\/div>\n\t\t\t\t<\/div>\n\t\t\t\t<\/div>\n\t\t","protected":false},"excerpt":{"rendered":"<p>Produktet Steka Bilardo profesionale M\u00eb Shum\u00eb Atete Sporti M\u00eb Shum\u00eb Top Futboli M\u00eb Shum\u00eb Kostum Sportiv M\u00eb Shum\u00eb<\/p>\n","protected":false},"author":1,"featured_media":0,"parent":0,"menu_order":0,"comment_status":"closed","ping_status":"closed","template":"","meta":{"footnotes":""},"class_list":["post-27","page","type-page","status-publish","hentry"],"rttpg_featured_image_url":null,"rttpg_author":{"display_name":"admin","author_link":"https:\/\/sss.al\/sport\/author\/admin\/"},"rttpg_comment":0,"rttpg_category":null,"rttpg_excerpt":"Produktet Steka Bilardo profesionale M\u00eb Shum\u00eb Atete Sporti M\u00eb Shum\u00eb Top Futboli M\u00eb Shum\u00eb Kostum Sportiv M\u00eb Shum\u00eb","_links":{"self":[{"href":"https:\/\/sss.al\/sport\/wp-json\/wp\/v2\/pages\/27","targetHints":{"allow":["GET"]}}],"collection":[{"href":"https:\/\/sss.al\/sport\/wp-json\/wp\/v2\/pages"}],"about":[{"href":"https:\/\/sss.al\/sport\/wp-json\/wp\/v2\/types\/page"}],"author":[{"embeddable":true,"href":"https:\/\/sss.al\/sport\/wp-json\/wp\/v2\/users\/1"}],"replies":[{"embeddable":true,"href":"https:\/\/sss.al\/sport\/wp-json\/wp\/v2\/comments?post=27"}],"version-history":[{"count":40,"href":"https:\/\/sss.al\/sport\/wp-json\/wp\/v2\/pages\/27\/revisions"}],"predecessor-version":[{"id":340,"href":"https:\/\/sss.al\/sport\/wp-json\/wp\/v2\/pages\/27\/revisions\/340"}],"wp:attachment":[{"href":"https:\/\/sss.al\/sport\/wp-json\/wp\/v2\/media?parent=27"}],"curies":[{"name":"wp","href":"https:\/\/api.w.org\/{rel}","templated":true}]}}